{"id":1084,"date":"2023-11-11T14:24:14","date_gmt":"2023-11-11T14:24:14","guid":{"rendered":"https:\/\/xn--sboms-gra.se\/?page_id=1084"},"modified":"2024-01-10T20:09:08","modified_gmt":"2024-01-10T20:09:08","slug":"foretagsstad","status":"publish","type":"page","link":"https:\/\/staging.xn--sboms-gra.se\/index.php\/foretagsstad\/","title":{"rendered":"F\u00f6retagsst\u00e4d"},"content":{"rendered":"\t\t<div data-elementor-type=\"wp-page\" data-elementor-id=\"1084\" class=\"elementor elementor-1084\" data-elementor-post-type=\"page\">\n\t\t\t\t\t\t<section class=\"elementor-section elementor-top-section elementor-element elementor-element-cb23e90 elementor-section-boxed elementor-section-height-default elementor-section-height-default\" data-id=\"cb23e90\" data-element_type=\"section\">\n\t\t\t\t\t\t<div class=\"elementor-container elementor-column-gap-default\">\n\t\t\t\t\t<div class=\"elementor-column elementor-col-100 elementor-top-column elementor-element elementor-element-4116bf5\" data-id=\"4116bf5\" data-element_type=\"column\">\n\t\t\t<div class=\"elementor-widget-wrap elementor-element-populated\">\n\t\t\t\t\t\t<div class=\"elementor-element elementor-element-38f1235 elementor-widget elementor-widget-heading\" data-id=\"38f1235\" data-element_type=\"widget\" data-widget_type=\"heading.default\">\n\t\t\t\t<div class=\"elementor-widget-container\">\n\t\t\t\t\t<h2 class=\"elementor-heading-title elementor-size-default\">F\u00f6retagsst\u00e4d<\/h2>\t\t\t\t<\/div>\n\t\t\t\t<\/div>\n\t\t\t\t\t<\/div>\n\t\t<\/div>\n\t\t\t\t\t<\/div>\n\t\t<\/section>\n\t\t\t\t<section class=\"elementor-section elementor-top-section elementor-element elementor-element-a374270 elementor-section-boxed elementor-section-height-default elementor-section-height-default\" data-id=\"a374270\" data-element_type=\"section\">\n\t\t\t\t\t\t<div class=\"elementor-container elementor-column-gap-default\">\n\t\t\t\t\t<div class=\"elementor-column elementor-col-100 elementor-top-column elementor-element elementor-element-6a9a649\" data-id=\"6a9a649\" data-element_type=\"column\">\n\t\t\t<div class=\"elementor-widget-wrap elementor-element-populated\">\n\t\t\t\t\t\t<div class=\"elementor-element elementor-element-6349fa6 elementor-widget elementor-widget-text-editor\" data-id=\"6349fa6\" data-element_type=\"widget\" data-widget_type=\"text-editor.default\">\n\t\t\t\t<div class=\"elementor-widget-container\">\n\t\t\t\t\t\t\t\t\t<p><strong>Professionell F\u00f6retagsst\u00e4dning med S\u00e4boms &#8211; F\u00f6r En Ren Och Inbjudande Arbetsmilj\u00f6!<\/strong><\/p><p>S\u00e4boms erbjuder skr\u00e4ddarsydda f\u00f6retagsst\u00e4dtj\u00e4nster f\u00f6r att m\u00f6ta de unika behoven hos f\u00f6retag och organisationer. Vi f\u00f6rst\u00e5r vikten av en ren och v\u00e4lsk\u00f6tt arbetsmilj\u00f6, och v\u00e5rt dedikerade team \u00e4r h\u00e4r f\u00f6r att g\u00f6ra det m\u00f6jligt f\u00f6r dig att fokusera p\u00e5 det du g\u00f6r b\u00e4st &#8211; din verksamhet.<\/p><p><strong>Varf\u00f6r V\u00e4lja V\u00e5r F\u00f6retagsst\u00e4dning?<\/strong><\/p><ol><li><p><strong>Anpassad Till F\u00f6retagets Behov:<\/strong> Vi skr\u00e4ddarsyr v\u00e5ra tj\u00e4nster f\u00f6r att passa ditt f\u00f6retags specifika krav och schema. Oavsett om det \u00e4r en kontorsbyggnad, en produktionsanl\u00e4ggning eller annan verksamhetsplats, anpassar vi v\u00e5r st\u00e4dning efter dina behov.<\/p><\/li><li><p><strong>Professionell och Diskret:<\/strong> V\u00e5rt team av erfarna st\u00e4dexperter \u00e4r v\u00e4lutbildade, professionella och respekterar din arbetsplats. Vi arbetar diskret f\u00f6r att inte st\u00f6ra ditt f\u00f6retags dagliga verksamhet.<\/p><\/li><li><p><strong>H\u00f6g Kvalitet och Noggrannhet:<\/strong> Vi str\u00e4var efter att leverera h\u00f6gsta kvalitet och noggrannhet i varje st\u00e4duppdrag. Varje yta, varje kontorsh\u00f6rn och varje gemensam plats f\u00e5r den uppm\u00e4rksamhet den f\u00f6rtj\u00e4nar.<\/p><\/li><li><p><strong>Milj\u00f6v\u00e4nliga St\u00e4dmilj\u00f6er:<\/strong> Vi anv\u00e4nder milj\u00f6v\u00e4nliga st\u00e4dprodukter och metoder f\u00f6r att skapa en ren arbetsmilj\u00f6 utan att kompromissa med h\u00e4lsa eller h\u00e5llbarhet.<\/p><\/li><li><p><strong>Flexibilitet och Tillg\u00e4nglighet:<\/strong> Vi \u00e4r flexibla med v\u00e5ra arbetstider f\u00f6r att passa in i f\u00f6retagets schema och vi \u00e4r tillg\u00e4ngliga n\u00e4r det passar er b\u00e4st, dag eller natt.<\/p><\/li><\/ol><p><strong>Ge Ditt F\u00f6retag Den Renhet Det F\u00f6rtj\u00e4nar!<\/strong><\/p><p>Kontakta S\u00e4boms f\u00f6r att skapa en ren och inbjudande arbetsmilj\u00f6 f\u00f6r ditt f\u00f6retag. Upplev hur en v\u00e4lsk\u00f6tt arbetsplats kan bidra till en \u00f6kad produktivitet och trivsel.<\/p><p><em>S\u00e4boms &#8211; F\u00f6r en renare och mer produktiv arbetsmilj\u00f6.<\/em><\/p>\t\t\t\t\t\t\t\t<\/div>\n\t\t\t\t<\/div>\n\t\t\t\t\t<\/div>\n\t\t<\/div>\n\t\t\t\t\t<\/div>\n\t\t<\/section>\n\t\t\t\t<section class=\"elementor-section elementor-top-section elementor-element elementor-element-884fdd3 elementor-section-boxed elementor-section-height-default elementor-section-height-default\" data-id=\"884fdd3\" data-element_type=\"section\">\n\t\t\t\t\t\t<div class=\"elementor-container elementor-column-gap-default\">\n\t\t\t\t\t<div class=\"elementor-column elementor-col-100 elementor-top-column elementor-element elementor-element-42798d6\" data-id=\"42798d6\" data-element_type=\"column\">\n\t\t\t<div class=\"elementor-widget-wrap elementor-element-populated\">\n\t\t\t\t\t\t<div class=\"elementor-element elementor-element-2e86063 elementor-widget elementor-widget-heading\" data-id=\"2e86063\" data-element_type=\"widget\" data-widget_type=\"heading.default\">\n\t\t\t\t<div class=\"elementor-widget-container\">\n\t\t\t\t\t<h2 class=\"elementor-heading-title elementor-size-default\">Bokningsf\u00f6rfr\u00e5gan<\/h2>\t\t\t\t<\/div>\n\t\t\t\t<\/div>\n\t\t\t\t<div class=\"elementor-element elementor-element-15ae116b elementor-button-align-center elementor-widget elementor-widget-form\" data-id=\"15ae116b\" data-element_type=\"widget\" data-settings=\"{&quot;button_width&quot;:&quot;80&quot;,&quot;step_next_label&quot;:&quot;Next&quot;,&quot;step_previous_label&quot;:&quot;Previous&quot;,&quot;step_type&quot;:&quot;number_text&quot;,&quot;step_icon_shape&quot;:&quot;circle&quot;}\" data-widget_type=\"form.default\">\n\t\t\t\t<div class=\"elementor-widget-container\">\n\t\t\t\t\t\t\t<form class=\"elementor-form\" method=\"post\" name=\"Bokning\" aria-label=\"Bokning\">\n\t\t\t<input type=\"hidden\" name=\"post_id\" value=\"1084\"\/>\n\t\t\t<input type=\"hidden\" name=\"form_id\" value=\"15ae116b\"\/>\n\t\t\t<input type=\"hidden\" name=\"referer_title\" value=\"F\u00f6retagsst\u00e4d - S\u00e4boms\" \/>\n\n\t\t\t\t\t\t\t<input type=\"hidden\" name=\"queried_id\" value=\"1084\"\/>\n\t\t\t\n\t\t\t<div class=\"elementor-form-fields-wrapper elementor-labels-above\">\n\t\t\t\t\t\t\t\t<div class=\"elementor-field-type-text elementor-field-group elementor-column elementor-field-group-name elementor-col-50 elementor-field-required\">\n\t\t\t\t\t\t\t\t\t\t\t\t<label for=\"form-field-name\" class=\"elementor-field-label\">\n\t\t\t\t\t\t\t\tNamn\t\t\t\t\t\t\t<\/label>\n\t\t\t\t\t\t\t\t\t\t\t\t\t\t<input size=\"1\" type=\"text\" name=\"form_fields[name]\" id=\"form-field-name\" class=\"elementor-field elementor-size-sm  elementor-field-textual\" placeholder=\"Namn\" required=\"required\">\n\t\t\t\t\t\t\t\t\t\t\t<\/div>\n\t\t\t\t\t\t\t\t<div class=\"elementor-field-type-tel elementor-field-group elementor-column elementor-field-group-field_8fcb13d elementor-col-50\">\n\t\t\t\t\t\t\t\t\t\t\t\t<label for=\"form-field-field_8fcb13d\" class=\"elementor-field-label\">\n\t\t\t\t\t\t\t\tTelefonnummer\t\t\t\t\t\t\t<\/label>\n\t\t\t\t\t\t\t\t<input size=\"1\" type=\"tel\" name=\"form_fields[field_8fcb13d]\" id=\"form-field-field_8fcb13d\" class=\"elementor-field elementor-size-sm  elementor-field-textual\" placeholder=\"Telefonnummer\" pattern=\"[0-9()#&amp;+*-=.]+\" title=\"Endast siffror och telefontecken (#, -, *, etc) accepteras.\">\n\n\t\t\t\t\t\t<\/div>\n\t\t\t\t\t\t\t\t<div class=\"elementor-field-type-text elementor-field-group elementor-column elementor-field-group-field_4d64edb elementor-col-50\">\n\t\t\t\t\t\t\t\t\t\t\t\t<label for=\"form-field-field_4d64edb\" class=\"elementor-field-label\">\n\t\t\t\t\t\t\t\tGatuadress\t\t\t\t\t\t\t<\/label>\n\t\t\t\t\t\t\t\t\t\t\t\t\t\t<input size=\"1\" type=\"text\" name=\"form_fields[field_4d64edb]\" id=\"form-field-field_4d64edb\" class=\"elementor-field elementor-size-sm  elementor-field-textual\" placeholder=\"Gatuadress\">\n\t\t\t\t\t\t\t\t\t\t\t<\/div>\n\t\t\t\t\t\t\t\t<div class=\"elementor-field-type-text elementor-field-group elementor-column elementor-field-group-field_93484e7 elementor-col-50\">\n\t\t\t\t\t\t\t\t\t\t\t\t<label for=\"form-field-field_93484e7\" class=\"elementor-field-label\">\n\t\t\t\t\t\t\t\tOrt\t\t\t\t\t\t\t<\/label>\n\t\t\t\t\t\t\t\t\t\t\t\t\t\t<input size=\"1\" type=\"text\" name=\"form_fields[field_93484e7]\" id=\"form-field-field_93484e7\" class=\"elementor-field elementor-size-sm  elementor-field-textual\" placeholder=\"Ort\">\n\t\t\t\t\t\t\t\t\t\t\t<\/div>\n\t\t\t\t\t\t\t\t<div class=\"elementor-field-type-email elementor-field-group elementor-column elementor-field-group-email elementor-col-100 elementor-field-required\">\n\t\t\t\t\t\t\t\t\t\t\t\t<label for=\"form-field-email\" class=\"elementor-field-label\">\n\t\t\t\t\t\t\t\tEmail\t\t\t\t\t\t\t<\/label>\n\t\t\t\t\t\t\t\t\t\t\t\t\t\t<input size=\"1\" type=\"email\" name=\"form_fields[email]\" id=\"form-field-email\" class=\"elementor-field elementor-size-sm  elementor-field-textual\" placeholder=\"Email\" required=\"required\">\n\t\t\t\t\t\t\t\t\t\t\t<\/div>\n\t\t\t\t\t\t\t\t<div class=\"elementor-field-type-checkbox elementor-field-group elementor-column elementor-field-group-field_f1c1225 elementor-col-100\">\n\t\t\t\t\t\t\t\t\t\t\t\t<label for=\"form-field-field_f1c1225\" class=\"elementor-field-label\">\n\t\t\t\t\t\t\t\tJag \u00f6nskar\t\t\t\t\t\t\t<\/label>\n\t\t\t\t\t\t<div class=\"elementor-field-subgroup  elementor-subgroup-inline\"><span class=\"elementor-field-option\"><input type=\"checkbox\" value=\"Hemst\u00e4d\" id=\"form-field-field_f1c1225-0\" name=\"form_fields[field_f1c1225][]\"> <label for=\"form-field-field_f1c1225-0\">Hemst\u00e4d<\/label><\/span><span class=\"elementor-field-option\"><input type=\"checkbox\" value=\"Flyttst\u00e4d\" id=\"form-field-field_f1c1225-1\" name=\"form_fields[field_f1c1225][]\"> <label for=\"form-field-field_f1c1225-1\">Flyttst\u00e4d<\/label><\/span><span class=\"elementor-field-option\"><input type=\"checkbox\" value=\"Storst\u00e4d\" id=\"form-field-field_f1c1225-2\" name=\"form_fields[field_f1c1225][]\"> <label for=\"form-field-field_f1c1225-2\">Storst\u00e4d<\/label><\/span><span class=\"elementor-field-option\"><input type=\"checkbox\" value=\"F\u00f6nsterputs\" id=\"form-field-field_f1c1225-3\" name=\"form_fields[field_f1c1225][]\"> <label for=\"form-field-field_f1c1225-3\">F\u00f6nsterputs<\/label><\/span><span class=\"elementor-field-option\"><input type=\"checkbox\" value=\"F\u00f6retagsst\u00e4d\" id=\"form-field-field_f1c1225-4\" name=\"form_fields[field_f1c1225][]\"> <label for=\"form-field-field_f1c1225-4\">F\u00f6retagsst\u00e4d<\/label><\/span><span class=\"elementor-field-option\"><input type=\"checkbox\" value=\"Byggst\u00e4d\" id=\"form-field-field_f1c1225-5\" name=\"form_fields[field_f1c1225][]\"> <label for=\"form-field-field_f1c1225-5\">Byggst\u00e4d<\/label><\/span><span class=\"elementor-field-option\"><input type=\"checkbox\" value=\"Gr\u00e4sklippning\" id=\"form-field-field_f1c1225-6\" name=\"form_fields[field_f1c1225][]\"> <label for=\"form-field-field_f1c1225-6\">Gr\u00e4sklippning<\/label><\/span><\/div>\t\t\t\t<\/div>\n\t\t\t\t\t\t\t\t<div class=\"elementor-field-type-number elementor-field-group elementor-column elementor-field-group-field_7dc3c6c elementor-col-100\">\n\t\t\t\t\t\t\t\t\t\t\t\t<label for=\"form-field-field_7dc3c6c\" class=\"elementor-field-label\">\n\t\t\t\t\t\t\t\tAntal kvadratmeter\t\t\t\t\t\t\t<\/label>\n\t\t\t\t\t\t\t\t\t<input type=\"number\" name=\"form_fields[field_7dc3c6c]\" id=\"form-field-field_7dc3c6c\" class=\"elementor-field elementor-size-sm  elementor-field-textual\" placeholder=\"Kvadratmeter\" min=\"\" max=\"\" >\n\t\t\t\t\t\t<\/div>\n\t\t\t\t\t\t\t\t<div class=\"elementor-field-type-date elementor-field-group elementor-column elementor-field-group-field_5dcbfb5 elementor-col-100\">\n\t\t\t\t\t\t\t\t\t\t\t\t<label for=\"form-field-field_5dcbfb5\" class=\"elementor-field-label\">\n\t\t\t\t\t\t\t\t\u00d6nskat datum\t\t\t\t\t\t\t<\/label>\n\t\t\t\t\t\t\n\t\t<input type=\"date\" name=\"form_fields[field_5dcbfb5]\" id=\"form-field-field_5dcbfb5\" class=\"elementor-field elementor-size-sm  elementor-field-textual elementor-date-field\" placeholder=\"\u00d6nskat datum\" pattern=\"[0-9]{4}-[0-9]{2}-[0-9]{2}\">\n\t\t\t\t\t\t<\/div>\n\t\t\t\t\t\t\t\t<div class=\"elementor-field-type-textarea elementor-field-group elementor-column elementor-field-group-message elementor-col-100\">\n\t\t\t\t\t\t\t\t\t\t\t\t<label for=\"form-field-message\" class=\"elementor-field-label\">\n\t\t\t\t\t\t\t\tMeddelande\t\t\t\t\t\t\t<\/label>\n\t\t\t\t\t\t<textarea class=\"elementor-field-textual elementor-field  elementor-size-sm\" name=\"form_fields[message]\" id=\"form-field-message\" rows=\"4\" placeholder=\"Meddelande\"><\/textarea>\t\t\t\t<\/div>\n\t\t\t\t\t\t\t\t<div class=\"elementor-field-type-acceptance elementor-field-group elementor-column elementor-field-group-field_0004cd5 elementor-col-100\">\n\t\t\t\t\t\t\t\t\t\t\t\t<label for=\"form-field-field_0004cd5\" class=\"elementor-field-label\">\n\t\t\t\t\t\t\t\tNyhetsbrev\t\t\t\t\t\t\t<\/label>\n\t\t\t\t\t\t\t\t<div class=\"elementor-field-subgroup\">\n\t\t\t<span class=\"elementor-field-option\">\n\t\t\t\t<input type=\"checkbox\" name=\"form_fields[field_0004cd5]\" id=\"form-field-field_0004cd5\" class=\"elementor-field elementor-size-sm  elementor-acceptance-field\">\n\t\t\t\t<label for=\"form-field-field_0004cd5\">F\u00e5r vi till\u00e5telse att skicka nyhetsbrev eller annan information i framtiden? Nej du kommer inte f\u00e5 ett om dagen, m\u00f6jligtvis n\u00e5got i kvartalet<\/label>\t\t\t<\/span>\n\t\t<\/div>\n\t\t\t\t\t\t<\/div>\n\t\t\t\t\t\t\t\t<div class=\"elementor-field-group elementor-column elementor-field-type-submit elementor-col-80 e-form__buttons\">\n\t\t\t\t\t<button class=\"elementor-button elementor-size-sm\" type=\"submit\">\n\t\t\t\t\t\t<span class=\"elementor-button-content-wrapper\">\n\t\t\t\t\t\t\t\t\t\t\t\t\t\t\t\t\t\t\t\t\t\t<span class=\"elementor-button-text\">Skicka<\/span>\n\t\t\t\t\t\t\t\t\t\t\t\t\t<\/span>\n\t\t\t\t\t<\/button>\n\t\t\t\t<\/div>\n\t\t\t<\/div>\n\t\t<\/form>\n\t\t\t\t\t\t<\/div>\n\t\t\t\t<\/div>\n\t\t\t\t\t<\/div>\n\t\t<\/div>\n\t\t\t\t\t<\/div>\n\t\t<\/section>\n\t\t\t\t<\/div>\n\t\t","protected":false},"excerpt":{"rendered":"<p>F\u00f6retagsst\u00e4d Professionell F\u00f6retagsst\u00e4dning med S\u00e4boms &#8211; F\u00f6r En Ren Och Inbjudande Arbetsmilj\u00f6! S\u00e4boms erbjuder skr\u00e4ddarsydda f\u00f6retagsst\u00e4dtj\u00e4nster f\u00f6r att m\u00f6ta de unika behoven hos f\u00f6retag och organisationer. Vi f\u00f6rst\u00e5r vikten av en ren och v\u00e4lsk\u00f6tt arbetsmilj\u00f6, och v\u00e5rt dedikerade team \u00e4r h\u00e4r f\u00f6r att g\u00f6ra det m\u00f6jligt f\u00f6r dig att fokusera p\u00e5 det du g\u00f6r b\u00e4st&#8230;<\/p>\n","protected":false},"author":2,"featured_media":0,"parent":0,"menu_order":0,"comment_status":"closed","ping_status":"closed","template":"","meta":{"_kadence_starter_templates_imported_post":false,"_kad_post_transparent":"","_kad_post_title":"","_kad_post_layout":"","_kad_post_sidebar_id":"","_kad_post_content_style":"","_kad_post_vertical_padding":"","_kad_post_feature":"","_kad_post_feature_position":"","_kad_post_header":false,"_kad_post_footer":false,"_kad_post_classname":"","footnotes":""},"class_list":["post-1084","page","type-page","status-publish","hentry"],"yoast_head":"<!-- This site is optimized with the Yoast SEO plugin v26.6 - https:\/\/yoast.com\/wordpress\/plugins\/seo\/ -->\n<title>F\u00f6retagsst\u00e4d - S\u00e4boms<\/title>\n<meta name=\"robots\" content=\"noindex, follow, max-snippet:-1, max-image-preview:large, max-video-preview:-1\" \/>\n<meta property=\"og:locale\" content=\"sv_SE\" \/>\n<meta property=\"og:type\" content=\"article\" \/>\n<meta property=\"og:title\" content=\"F\u00f6retagsst\u00e4d - S\u00e4boms\" \/>\n<meta property=\"og:description\" content=\"F\u00f6retagsst\u00e4d Professionell F\u00f6retagsst\u00e4dning med S\u00e4boms &#8211; F\u00f6r En Ren Och Inbjudande Arbetsmilj\u00f6! S\u00e4boms erbjuder skr\u00e4ddarsydda f\u00f6retagsst\u00e4dtj\u00e4nster f\u00f6r att m\u00f6ta de unika behoven hos f\u00f6retag och organisationer. Vi f\u00f6rst\u00e5r vikten av en ren och v\u00e4lsk\u00f6tt arbetsmilj\u00f6, och v\u00e5rt dedikerade team \u00e4r h\u00e4r f\u00f6r att g\u00f6ra det m\u00f6jligt f\u00f6r dig att fokusera p\u00e5 det du g\u00f6r b\u00e4st...\" \/>\n<meta property=\"og:url\" content=\"https:\/\/staging.xn--sboms-gra.se\/index.php\/foretagsstad\/\" \/>\n<meta property=\"og:site_name\" content=\"S\u00e4boms\" \/>\n<meta property=\"article:modified_time\" content=\"2024-01-10T20:09:08+00:00\" \/>\n<meta name=\"twitter:card\" content=\"summary_large_image\" \/>\n<meta name=\"twitter:label1\" content=\"Ber\u00e4knad l\u00e4stid\" \/>\n\t<meta name=\"twitter:data1\" content=\"2 minuter\" \/>\n<script type=\"application\/ld+json\" class=\"yoast-schema-graph\">{\"@context\":\"https:\/\/schema.org\",\"@graph\":[{\"@type\":\"WebPage\",\"@id\":\"https:\/\/staging.xn--sboms-gra.se\/index.php\/foretagsstad\/\",\"url\":\"https:\/\/staging.xn--sboms-gra.se\/index.php\/foretagsstad\/\",\"name\":\"F\u00f6retagsst\u00e4d - S\u00e4boms\",\"isPartOf\":{\"@id\":\"https:\/\/staging.xn--sboms-gra.se\/#website\"},\"datePublished\":\"2023-11-11T14:24:14+00:00\",\"dateModified\":\"2024-01-10T20:09:08+00:00\",\"breadcrumb\":{\"@id\":\"https:\/\/staging.xn--sboms-gra.se\/index.php\/foretagsstad\/#breadcrumb\"},\"inLanguage\":\"sv-SE\",\"potentialAction\":[{\"@type\":\"ReadAction\",\"target\":[\"https:\/\/staging.xn--sboms-gra.se\/index.php\/foretagsstad\/\"]}]},{\"@type\":\"BreadcrumbList\",\"@id\":\"https:\/\/staging.xn--sboms-gra.se\/index.php\/foretagsstad\/#breadcrumb\",\"itemListElement\":[{\"@type\":\"ListItem\",\"position\":1,\"name\":\"Hem\",\"item\":\"https:\/\/staging.xn--sboms-gra.se\/\"},{\"@type\":\"ListItem\",\"position\":2,\"name\":\"F\u00f6retagsst\u00e4d\"}]},{\"@type\":\"WebSite\",\"@id\":\"https:\/\/staging.xn--sboms-gra.se\/#website\",\"url\":\"https:\/\/staging.xn--sboms-gra.se\/\",\"name\":\"S\u00e4boms\",\"description\":\"En l\u00e4ttare vardag\",\"publisher\":{\"@id\":\"https:\/\/staging.xn--sboms-gra.se\/#organization\"},\"potentialAction\":[{\"@type\":\"SearchAction\",\"target\":{\"@type\":\"EntryPoint\",\"urlTemplate\":\"https:\/\/staging.xn--sboms-gra.se\/?s={search_term_string}\"},\"query-input\":{\"@type\":\"PropertyValueSpecification\",\"valueRequired\":true,\"valueName\":\"search_term_string\"}}],\"inLanguage\":\"sv-SE\"},{\"@type\":\"Organization\",\"@id\":\"https:\/\/staging.xn--sboms-gra.se\/#organization\",\"name\":\"S\u00e4boms\",\"url\":\"https:\/\/staging.xn--sboms-gra.se\/\",\"logo\":{\"@type\":\"ImageObject\",\"inLanguage\":\"sv-SE\",\"@id\":\"https:\/\/staging.xn--sboms-gra.se\/#\/schema\/logo\/image\/\",\"url\":\"https:\/\/staging.xn--sboms-gra.se\/wp-content\/uploads\/2023\/07\/Saboms_gratt-removebg-preview.png\",\"contentUrl\":\"https:\/\/staging.xn--sboms-gra.se\/wp-content\/uploads\/2023\/07\/Saboms_gratt-removebg-preview.png\",\"width\":588,\"height\":424,\"caption\":\"S\u00e4boms\"},\"image\":{\"@id\":\"https:\/\/staging.xn--sboms-gra.se\/#\/schema\/logo\/image\/\"}}]}<\/script>\n<!-- \/ Yoast SEO plugin. -->","yoast_head_json":{"title":"F\u00f6retagsst\u00e4d - S\u00e4boms","robots":{"index":"noindex","follow":"follow","max-snippet":"max-snippet:-1","max-image-preview":"max-image-preview:large","max-video-preview":"max-video-preview:-1"},"og_locale":"sv_SE","og_type":"article","og_title":"F\u00f6retagsst\u00e4d - S\u00e4boms","og_description":"F\u00f6retagsst\u00e4d Professionell F\u00f6retagsst\u00e4dning med S\u00e4boms &#8211; F\u00f6r En Ren Och Inbjudande Arbetsmilj\u00f6! S\u00e4boms erbjuder skr\u00e4ddarsydda f\u00f6retagsst\u00e4dtj\u00e4nster f\u00f6r att m\u00f6ta de unika behoven hos f\u00f6retag och organisationer. Vi f\u00f6rst\u00e5r vikten av en ren och v\u00e4lsk\u00f6tt arbetsmilj\u00f6, och v\u00e5rt dedikerade team \u00e4r h\u00e4r f\u00f6r att g\u00f6ra det m\u00f6jligt f\u00f6r dig att fokusera p\u00e5 det du g\u00f6r b\u00e4st...","og_url":"https:\/\/staging.xn--sboms-gra.se\/index.php\/foretagsstad\/","og_site_name":"S\u00e4boms","article_modified_time":"2024-01-10T20:09:08+00:00","twitter_card":"summary_large_image","twitter_misc":{"Ber\u00e4knad l\u00e4stid":"2 minuter"},"schema":{"@context":"https:\/\/schema.org","@graph":[{"@type":"WebPage","@id":"https:\/\/staging.xn--sboms-gra.se\/index.php\/foretagsstad\/","url":"https:\/\/staging.xn--sboms-gra.se\/index.php\/foretagsstad\/","name":"F\u00f6retagsst\u00e4d - S\u00e4boms","isPartOf":{"@id":"https:\/\/staging.xn--sboms-gra.se\/#website"},"datePublished":"2023-11-11T14:24:14+00:00","dateModified":"2024-01-10T20:09:08+00:00","breadcrumb":{"@id":"https:\/\/staging.xn--sboms-gra.se\/index.php\/foretagsstad\/#breadcrumb"},"inLanguage":"sv-SE","potentialAction":[{"@type":"ReadAction","target":["https:\/\/staging.xn--sboms-gra.se\/index.php\/foretagsstad\/"]}]},{"@type":"BreadcrumbList","@id":"https:\/\/staging.xn--sboms-gra.se\/index.php\/foretagsstad\/#breadcrumb","itemListElement":[{"@type":"ListItem","position":1,"name":"Hem","item":"https:\/\/staging.xn--sboms-gra.se\/"},{"@type":"ListItem","position":2,"name":"F\u00f6retagsst\u00e4d"}]},{"@type":"WebSite","@id":"https:\/\/staging.xn--sboms-gra.se\/#website","url":"https:\/\/staging.xn--sboms-gra.se\/","name":"S\u00e4boms","description":"En l\u00e4ttare vardag","publisher":{"@id":"https:\/\/staging.xn--sboms-gra.se\/#organization"},"potentialAction":[{"@type":"SearchAction","target":{"@type":"EntryPoint","urlTemplate":"https:\/\/staging.xn--sboms-gra.se\/?s={search_term_string}"},"query-input":{"@type":"PropertyValueSpecification","valueRequired":true,"valueName":"search_term_string"}}],"inLanguage":"sv-SE"},{"@type":"Organization","@id":"https:\/\/staging.xn--sboms-gra.se\/#organization","name":"S\u00e4boms","url":"https:\/\/staging.xn--sboms-gra.se\/","logo":{"@type":"ImageObject","inLanguage":"sv-SE","@id":"https:\/\/staging.xn--sboms-gra.se\/#\/schema\/logo\/image\/","url":"https:\/\/staging.xn--sboms-gra.se\/wp-content\/uploads\/2023\/07\/Saboms_gratt-removebg-preview.png","contentUrl":"https:\/\/staging.xn--sboms-gra.se\/wp-content\/uploads\/2023\/07\/Saboms_gratt-removebg-preview.png","width":588,"height":424,"caption":"S\u00e4boms"},"image":{"@id":"https:\/\/staging.xn--sboms-gra.se\/#\/schema\/logo\/image\/"}}]}},"featured_media_urls":[],"_links":{"self":[{"href":"https:\/\/staging.xn--sboms-gra.se\/index.php\/wp-json\/wp\/v2\/pages\/1084","targetHints":{"allow":["GET"]}}],"collection":[{"href":"https:\/\/staging.xn--sboms-gra.se\/index.php\/wp-json\/wp\/v2\/pages"}],"about":[{"href":"https:\/\/staging.xn--sboms-gra.se\/index.php\/wp-json\/wp\/v2\/types\/page"}],"author":[{"embeddable":true,"href":"https:\/\/staging.xn--sboms-gra.se\/index.php\/wp-json\/wp\/v2\/users\/2"}],"replies":[{"embeddable":true,"href":"https:\/\/staging.xn--sboms-gra.se\/index.php\/wp-json\/wp\/v2\/comments?post=1084"}],"version-history":[{"count":10,"href":"https:\/\/staging.xn--sboms-gra.se\/index.php\/wp-json\/wp\/v2\/pages\/1084\/revisions"}],"predecessor-version":[{"id":1824,"href":"https:\/\/staging.xn--sboms-gra.se\/index.php\/wp-json\/wp\/v2\/pages\/1084\/revisions\/1824"}],"wp:attachment":[{"href":"https:\/\/staging.xn--sboms-gra.se\/index.php\/wp-json\/wp\/v2\/media?parent=1084"}],"curies":[{"name":"wp","href":"https:\/\/api.w.org\/{rel}","templated":true}]}}